

{"id":1544,"date":"2024-06-01T19:22:33","date_gmt":"2024-06-01T17:22:33","guid":{"rendered":"http:\/\/kellotori.fi\/?page_id=1544"},"modified":"2024-12-12T21:23:49","modified_gmt":"2024-12-12T20:23:49","slug":"tietosuojaseloste","status":"publish","type":"page","link":"https:\/\/kellotori.fi\/en\/tietosuojaseloste\/","title":{"rendered":"Tietosuojaseloste"},"content":{"rendered":"\t\t<div data-elementor-type=\"wp-post\" data-elementor-id=\"1544\" class=\"elementor elementor-1544\">\n\t\t\t\t\t\t<section class=\"elementor-section elementor-top-section elementor-element elementor-element-10dc550 elementor-section-boxed elementor-section-height-default elementor-section-height-default\" data-id=\"10dc550\" data-element_type=\"section\" data-settings=\"{&quot;jet_parallax_layout_list&quot;:[{&quot;jet_parallax_layout_image&quot;:{&quot;url&quot;:&quot;&quot;,&quot;id&quot;:&quot;&quot;,&quot;size&quot;:&quot;&quot;},&quot;_id&quot;:&quot;f06cfc0&quot;,&quot;jet_parallax_layout_image_tablet&quot;:{&quot;url&quot;:&quot;&quot;,&quot;id&quot;:&quot;&quot;,&quot;size&quot;:&quot;&quot;},&quot;jet_parallax_layout_image_mobile&quot;:{&quot;url&quot;:&quot;&quot;,&quot;id&quot;:&quot;&quot;,&quot;size&quot;:&quot;&quot;},&quot;jet_parallax_layout_speed&quot;:{&quot;unit&quot;:&quot;%&quot;,&quot;size&quot;:&quot;50&quot;,&quot;sizes&quot;:[]},&quot;jet_parallax_layout_bg_x&quot;:&quot;50&quot;,&quot;jet_parallax_layout_bg_y&quot;:&quot;50&quot;,&quot;jet_parallax_layout_type&quot;:&quot;scroll&quot;,&quot;jet_parallax_layout_direction&quot;:&quot;1&quot;,&quot;jet_parallax_layout_fx_direction&quot;:null,&quot;jet_parallax_layout_z_index&quot;:&quot;&quot;,&quot;jet_parallax_layout_bg_x_tablet&quot;:&quot;&quot;,&quot;jet_parallax_layout_bg_x_mobile&quot;:&quot;&quot;,&quot;jet_parallax_layout_bg_y_tablet&quot;:&quot;&quot;,&quot;jet_parallax_layout_bg_y_mobile&quot;:&quot;&quot;,&quot;jet_parallax_layout_bg_size&quot;:&quot;auto&quot;,&quot;jet_parallax_layout_bg_size_tablet&quot;:&quot;&quot;,&quot;jet_parallax_layout_bg_size_mobile&quot;:&quot;&quot;,&quot;jet_parallax_layout_animation_prop&quot;:&quot;transform&quot;,&quot;jet_parallax_layout_on&quot;:[&quot;desktop&quot;,&quot;tablet&quot;]}]}\">\n\t\t\t\t\t\t<div class=\"elementor-container elementor-column-gap-default\">\n\t\t\t\t\t<div class=\"elementor-column elementor-col-100 elementor-top-column elementor-element elementor-element-e5fe779\" data-id=\"e5fe779\" data-element_type=\"column\">\n\t\t\t<div class=\"elementor-widget-wrap\">\n\t\t\t\t\t\t\t<\/div>\n\t\t<\/div>\n\t\t\t\t\t<\/div>\n\t\t<\/section>\n\t\t\t\t<section class=\"elementor-section elementor-top-section elementor-element elementor-element-8bfb195 elementor-section-boxed elementor-section-height-default elementor-section-height-default\" data-id=\"8bfb195\" data-element_type=\"section\" data-settings=\"{&quot;jet_parallax_layout_list&quot;:[{&quot;jet_parallax_layout_image&quot;:{&quot;url&quot;:&quot;&quot;,&quot;id&quot;:&quot;&quot;,&quot;size&quot;:&quot;&quot;},&quot;_id&quot;:&quot;f06cfc0&quot;,&quot;jet_parallax_layout_image_tablet&quot;:{&quot;url&quot;:&quot;&quot;,&quot;id&quot;:&quot;&quot;,&quot;size&quot;:&quot;&quot;},&quot;jet_parallax_layout_image_mobile&quot;:{&quot;url&quot;:&quot;&quot;,&quot;id&quot;:&quot;&quot;,&quot;size&quot;:&quot;&quot;},&quot;jet_parallax_layout_speed&quot;:{&quot;unit&quot;:&quot;%&quot;,&quot;size&quot;:&quot;50&quot;,&quot;sizes&quot;:[]},&quot;jet_parallax_layout_bg_x&quot;:&quot;50&quot;,&quot;jet_parallax_layout_bg_y&quot;:&quot;50&quot;,&quot;jet_parallax_layout_type&quot;:&quot;scroll&quot;,&quot;jet_parallax_layout_direction&quot;:&quot;1&quot;,&quot;jet_parallax_layout_fx_direction&quot;:null,&quot;jet_parallax_layout_z_index&quot;:&quot;&quot;,&quot;jet_parallax_layout_bg_x_tablet&quot;:&quot;&quot;,&quot;jet_parallax_layout_bg_x_mobile&quot;:&quot;&quot;,&quot;jet_parallax_layout_bg_y_tablet&quot;:&quot;&quot;,&quot;jet_parallax_layout_bg_y_mobile&quot;:&quot;&quot;,&quot;jet_parallax_layout_bg_size&quot;:&quot;auto&quot;,&quot;jet_parallax_layout_bg_size_tablet&quot;:&quot;&quot;,&quot;jet_parallax_layout_bg_size_mobile&quot;:&quot;&quot;,&quot;jet_parallax_layout_animation_prop&quot;:&quot;transform&quot;,&quot;jet_parallax_layout_on&quot;:[&quot;desktop&quot;,&quot;tablet&quot;]}]}\">\n\t\t\t\t\t\t<div class=\"elementor-container elementor-column-gap-default\">\n\t\t\t\t\t<div class=\"elementor-column elementor-col-100 elementor-top-column elementor-element elementor-element-62553d4\" data-id=\"62553d4\" data-element_type=\"column\">\n\t\t\t<div class=\"elementor-widget-wrap elementor-element-populated\">\n\t\t\t\t\t\t<div class=\"elementor-element elementor-element-346452e elementor-align-center elementor-widget elementor-widget-raven-heading\" data-id=\"346452e\" data-element_type=\"widget\" data-widget_type=\"raven-heading.default\">\n\t\t\t\t<div class=\"elementor-widget-container\">\n\t\t\t\t\t\t\t<div class=\"raven-widget-wrapper\"><h1 class=\"raven-heading raven-heading-h1\"><span class=\"raven-heading-title \">Tietosuojaseloste<\/span><\/h1><\/div>\n\t\t\t\t\t\t<\/div>\n\t\t\t\t<\/div>\n\t\t\t\t<div class=\"elementor-element elementor-element-ae3a6d7 elementor-widget elementor-widget-text-editor\" data-id=\"ae3a6d7\" data-element_type=\"widget\" data-widget_type=\"text-editor.default\">\n\t\t\t\t<div class=\"elementor-widget-container\">\n\t\t\t\t\t\t\t\t\t<p>Tietosuojaseloste<\/p>\n<p>T\u00e4ss\u00e4 tietosuojaselosteessa kuvataan Kellotori.fi (Kelloapu Oy:n) toteuttamaa henkil\u00f6tietojenk\u00e4sittely\u00e4 koskien sen verkkosivujen k\u00e4vij\u00f6it\u00e4 ja asiakkaita.<\/p>\n<p>1. Rekisterinpit\u00e4j\u00e4<\/p>\n<p>Kelloapu Oy, Kauppatori 3, 37600 Valkeakoski. 1018594\u20132. Puhelin +358503628378.<\/p>\n<p>2. Tietosuoja-asioista vastaava yhteyshenkil\u00f6<\/p>\n<p>Jutta Formunen, info@kellotori.fi<\/p>\n<p>3. Oikeusperuste ja henkil\u00f6tietojen k\u00e4sittelyn tarkoitus<\/p>\n<p>Osoitetietoja ja henkil\u00f6tietoja k\u00e4ytet\u00e4\u00e4n ainoastaan tilausten toimittamiseen.<\/p>\n<p>4. Henkil\u00f6tietojen k\u00e4sittelyn oikeusperuste<\/p>\n<p>K\u00e4yt\u00e4mme asiakkaalta ker\u00e4ttyj\u00e4 tietoja tuotteiden toimittamiseen asiakkaille (sopimusvelvoitteen t\u00e4ytt\u00e4minen). Ilman asiakkaan antamia yhteystietoja emme voi t\u00e4ytt\u00e4\u00e4 sopimusta ja toimittaa asiakkaan tekem\u00e4\u00e4 tilausta.<\/p>\n<p>Lis\u00e4ksi k\u00e4yt\u00e4mme henkil\u00f6tietoja palvelun edellytt\u00e4mien yhteydenottojen mahdollistamiseen, asiakassuhteen yll\u00e4pit\u00e4miseen, hyv\u00e4n asiakaskokemuksen tarjoamiseen sek\u00e4 helppok\u00e4ytt\u00f6isen ja turvallisen verkkopalvelun toimittamiseen.<\/p>\n<p>5. K\u00e4sitelt\u00e4v\u00e4t henkil\u00f6tiedot<\/p>\n<p>Tiedot, joita ker\u00e4\u00e4mme, voidaan jakaa kahteen ryhm\u00e4\u00e4n: asiakkaan antamiin tietoihin sek\u00e4 analytiikan avulla johdettuihin tietoihin.<\/p>\n<p>Tiedot:<\/p>\n<p>\u2022 Nimi<\/p>\n<p>\u2022 S\u00e4hk\u00f6postiosoite,<\/p>\n<p>\u2022 Puhelinnumero,<\/p>\n<p>\u2022 Tilaushistoria,<\/p>\n<p>\u2022 Toimitusosoite sis\u00e4lt\u00e4en katuosoitteen ja postinumeron ja postitoimipaikan,<\/p>\n<p>\u2022 Tuotearvostelut ja asiakaspalautteet,<\/p>\n<p>\u2022 Muut mahdolliset asiakkaan antamat tiedot.<\/p>\n<p>Ev\u00e4ste on pieni tekstipohjainen tiedosto, joka tallentuu automaattisesti asiakkaan selaimeen verkkosivustollamme vierailun yhteydess\u00e4. Kun asiakas palaa sivustollemme my\u00f6hemmin, ev\u00e4steen sis\u00e4lt\u00e4m\u00e4t tiedot auttavat sivustoa muistamaan aiemmat toiminnot.<\/p>\n<p>Asiakkaalla on mahdollisuus valita, salliiko vai est\u00e4\u00e4k\u00f6 h\u00e4n ev\u00e4steiden k\u00e4yt\u00f6n. Hyv\u00e4ksym\u00e4ll\u00e4 ev\u00e4steet asiakas suostuu samalla siihen, ett\u00e4 ker\u00e4\u00e4mme tietoja h\u00e4nen sivuston k\u00e4yt\u00f6st\u00e4\u00e4n. Jos asiakas ei halua hyv\u00e4ksy\u00e4 ev\u00e4steit\u00e4 t\u00e4h\u00e4n tarkoitukseen, h\u00e4n voi muuttaa selaimen asetuksia est\u00e4\u00e4kseen niiden k\u00e4yt\u00f6n.<\/p>\n<p>6. S\u00e4\u00e4nn\u00f6nmukaiset tietol\u00e4hteet<\/p>\n<p>Tiedot asiakkailta saadaan mm. www-lomakkeilla l\u00e4hetetyist\u00e4 viesteist\u00e4, s\u00e4hk\u00f6postitse, puhelimitse, sosiaalisen median palvelujen kautta, sopimuksista, asiakastapaamisista ja muista tilanteista, joissa asiakas luovuttaa tietojaan. Yritysten ja muiden organisaatioiden yhteyshenkil\u00f6iden tietoja voidaan ker\u00e4t\u00e4 my\u00f6s julkisista l\u00e4hteist\u00e4 kuten verkkosivuilta, hakemistopalveluista ja muilta yrityksilt\u00e4.<\/p>\n<p>7. Henkil\u00f6tietojen luovuttaminen ja siirt\u00e4minen<\/p>\n<p>Tietojen siirt\u00e4minen kolmannelle osapuolelle tapahtuu ainoastaan maksunv\u00e4litt\u00e4j\u00e4lle, kun asiakas suorittaa maksun maksukortilla.<\/p>\n<p>Asiakkaiden turvallisuus on meille t\u00e4rke\u00e4\u00e4. Tilauksen yhteydess\u00e4 asiakkaan j\u00e4tt\u00e4m\u00e4t asiakastiedot ovat meille ehdottoman luottamuksellisia emmek\u00e4 luovuta niit\u00e4 ulkopuolisille.<\/p>\n<p>8. Henkil\u00f6tietojen siirto EU\/ETA-alueen ulkopuolelle<\/p>\n<p>Asiakkaan henkil\u00f6tietoja ei s\u00e4\u00e4nn\u00f6nmukaisesti siirret\u00e4 EU\/ETA-alueen ulkopuolelle.<\/p>\n<p>9. Henkil\u00f6tietojen s\u00e4ilytysaika<\/p>\n<p>S\u00e4ilyt\u00e4mme asiakkaan henkil\u00f6tietoja niin pitk\u00e4\u00e4n kuin on tarpeen tai sallittua ottaen huomioon ker\u00e4\u00e4mistarkoitus\/-tarkoitukset ja sovellettava laki.<\/p>\n<p>S\u00e4ilytysajan m\u00e4\u00e4ritt\u00e4miseen k\u00e4ytett\u00e4vi\u00e4 kriteerej\u00e4 ovat esimerkiksi:<\/p>\n<p>\u2022 Asiakkaan kanssa jatkuvan suhteen ja verkko-omaisuuksiemme tarjoamisen pituus (esimerkiksi niin pitk\u00e4\u00e4n kun asiakas jatkaa verkko-omaisuuksien k\u00e4ytt\u00f6\u00e4)<\/p>\n<p>\u2022 Mahdollinen meit\u00e4 koskeva lakis\u00e4\u00e4teinen velvoite (esimerkiksi tietyt lait edellytt\u00e4v\u00e4t, ett\u00e4 pid\u00e4mme kirjaa asiakkaan tapahtumista tietyn ajan ennen kuin voimme poistaa ne)<\/p>\n<p>10. Rekister\u00f6idyn oikeudet<\/p>\n<p>Tietosuojalains\u00e4\u00e4d\u00e4nn\u00f6n mukaisesti noudatamme asiakkaidemme oikeutta p\u00e4\u00e4tt\u00e4\u00e4, miten h\u00e4nen omia henkil\u00f6tietojaan k\u00e4sitell\u00e4\u00e4n.<\/p>\n<p>N\u00e4ihin lukeutuvat oikeudet:<\/p>\n<p>a) saada tietoa henkil\u00f6tietojensa k\u00e4sittelyst\u00e4;<\/p>\n<p>b) saada p\u00e4\u00e4sy omiin tietoihin;<\/p>\n<p>c) mahdollisuus oikaista ja t\u00e4ydent\u00e4\u00e4 omia tietoja;<\/p>\n<p>d) mahdollisuus poistaa tiedot ja tulla unohdetuksi;<\/p>\n<p>e) rajoittaa omien tietojen k\u00e4sittely\u00e4;<\/p>\n<p>f) siirt\u00e4\u00e4 omat tiedot j\u00e4rjestelm\u00e4st\u00e4 toiseen;<\/p>\n<p>g) vastustaa tietojen k\u00e4sittely\u00e4; e) peruuttaa annettu suostumus;<\/p>\n<p>f) olla joutumatta automaattisen p\u00e4\u00e4t\u00f6ksenteon kohteeksi.<\/p>\n<p>11. Profilointi ja automaattinen p\u00e4\u00e4t\u00f6ksenteko<\/p>\n<p>Asiakkaan henkil\u00f6tietoja ei k\u00e4ytet\u00e4 profilointiin tai automaattiseen p\u00e4\u00e4t\u00f6ksentekoon.<\/p>\t\t\t\t\t\t\t\t<\/div>\n\t\t\t\t<\/div>\n\t\t\t\t<div class=\"elementor-element elementor-element-1ebb630 elementor-mobile-align-center elementor-align-center elementor-widget elementor-widget-raven-button\" data-id=\"1ebb630\" data-element_type=\"widget\" data-settings=\"{&quot;turn_to_popup_action_button&quot;:&quot;no&quot;}\" data-widget_type=\"raven-button.default\">\n\t\t\t\t<div class=\"elementor-widget-container\">\n\t\t\t\t\t\t\t<div class=\"raven-widget-wrapper\">\n\t\t\t<a class=\"raven-button raven-button-widget-normal-effect-none elementor-button raven-button-text-align-center raven-button-link elementor-animation-none\" href=\"http:\/\/kellotori.fi\/\/watches\/\">\t\t\t\t<div class=\"raven-button-overlay\" ><\/div>\n\t\t\t\t<span class=\"raven-button-content\">\n\t\t\t\t\t\n\t\t\t\t\t<div class=\"button-text-container\">\n\t\t\t\t\t\t\t\t\t\t\t\t<div class=\"raven-button-texts-wrapper\">\n\t\t\t\t\t\t\t<div class=\"button-text\">\n\t\t\t\t\t\t\t\t<span class=\"raven-button-text\">\n\t\t\t\t\t\t\t\t\tSiirry kauppaan\t\t\t\t\t\t\t\t<\/span>\n\t\t\t\t\t\t\t<\/div>\n\t\t\t\t\t\t\t\t\t\t\t\t\t<\/div>\n\t\t\t\t\t\t\t\t\t\t\t<\/div>\n\t\t\t\t\t\n\t\t\t\t\t\t\t\t\t<\/span>\n\t\t\t<\/a>\t\t<\/div>\n\t\t\t\t\t\t<\/div>\n\t\t\t\t<\/div>\n\t\t\t\t\t<\/div>\n\t\t<\/div>\n\t\t\t\t\t<\/div>\n\t\t<\/section>\n\t\t\t\t<\/div>\n\t\t","protected":false},"excerpt":{"rendered":"<p>Tietosuojaseloste Tietosuojaseloste T\u00e4ss\u00e4 tietosuojaselosteessa kuvataan Kellotori.fi (Kelloapu Oy:n) toteuttamaa henkil\u00f6tietojenk\u00e4sittely\u00e4 koskien sen verkkosivujen k\u00e4vij\u00f6it\u00e4 ja asiakkaita. 1. Rekisterinpit\u00e4j\u00e4 Kelloapu Oy, Kauppatori 3, 37600 Valkeakoski. 1018594\u20132. Puhelin +358503628378. 2. Tietosuoja-asioista vastaava yhteyshenkil\u00f6 Jutta Formunen, info@kellotori.fi 3. Oikeusperuste ja henkil\u00f6tietojen k\u00e4sittelyn tarkoitus Osoitetietoja ja henkil\u00f6tietoja k\u00e4ytet\u00e4\u00e4n ainoastaan tilausten toimittamiseen. 4. Henkil\u00f6tietojen k\u00e4sittelyn oikeusperuste K\u00e4yt\u00e4mme asiakkaalta ker\u00e4ttyj\u00e4 tietoja [&hellip;]<\/p>\n","protected":false},"author":1,"featured_media":0,"parent":0,"menu_order":0,"comment_status":"closed","ping_status":"closed","template":"","meta":{"_acf_changed":false,"footnotes":""},"class_list":["post-1544","page","type-page","status-publish","hentry"],"acf":[],"yoast_head":"<!-- This site is optimized with the Yoast SEO plugin v26.2 - https:\/\/yoast.com\/wordpress\/plugins\/seo\/ -->\n<title>Watches Shop - Jupiter X Templates<\/title>\n<meta name=\"description\" content=\"Jupiter X WP Theme&#039;s Watches Shop website template with dark background and organized posts element will best suit your classy watch shop.\" \/>\n<meta name=\"robots\" content=\"index, follow, max-snippet:-1, max-image-preview:large, max-video-preview:-1\" \/>\n<link rel=\"canonical\" href=\"https:\/\/kellotori.fi\/en\/tietosuojaseloste\/\" \/>\n<meta property=\"og:locale\" content=\"en_GB\" \/>\n<meta property=\"og:type\" content=\"article\" \/>\n<meta property=\"og:title\" content=\"Watches Shop - Jupiter X Templates\" \/>\n<meta property=\"og:description\" content=\"Jupiter X WP Theme&#039;s Watches Shop website template with dark background and organized posts element will best suit your classy watch shop.\" \/>\n<meta property=\"og:url\" content=\"https:\/\/kellotori.fi\/en\/tietosuojaseloste\/\" \/>\n<meta property=\"og:site_name\" content=\"Kellotori\" \/>\n<meta property=\"article:publisher\" content=\"https:\/\/www.facebook.com\/kellotori\/\" \/>\n<meta property=\"article:modified_time\" content=\"2024-12-12T20:23:49+00:00\" \/>\n<meta name=\"twitter:card\" content=\"summary_large_image\" \/>\n<meta name=\"twitter:label1\" content=\"Estimated reading time\" \/>\n\t<meta name=\"twitter:data1\" content=\"3 minutes\" \/>\n<script type=\"application\/ld+json\" class=\"yoast-schema-graph\">{\"@context\":\"https:\/\/schema.org\",\"@graph\":[{\"@type\":\"WebPage\",\"@id\":\"https:\/\/kellotori.fi\/tietosuojaseloste\/\",\"url\":\"https:\/\/kellotori.fi\/tietosuojaseloste\/\",\"name\":\"Watches Shop - Jupiter X Templates\",\"isPartOf\":{\"@id\":\"https:\/\/kellotori.fi\/#website\"},\"datePublished\":\"2024-06-01T17:22:33+00:00\",\"dateModified\":\"2024-12-12T20:23:49+00:00\",\"description\":\"Jupiter X WP Theme's Watches Shop website template with dark background and organized posts element will best suit your classy watch shop.\",\"breadcrumb\":{\"@id\":\"https:\/\/kellotori.fi\/tietosuojaseloste\/#breadcrumb\"},\"inLanguage\":\"en-GB\",\"potentialAction\":[{\"@type\":\"ReadAction\",\"target\":[\"https:\/\/kellotori.fi\/tietosuojaseloste\/\"]}]},{\"@type\":\"BreadcrumbList\",\"@id\":\"https:\/\/kellotori.fi\/tietosuojaseloste\/#breadcrumb\",\"itemListElement\":[{\"@type\":\"ListItem\",\"position\":1,\"name\":\"Etusivu\",\"item\":\"https:\/\/kellotori.fi\/\"},{\"@type\":\"ListItem\",\"position\":2,\"name\":\"Tietosuojaseloste\"}]},{\"@type\":\"WebSite\",\"@id\":\"https:\/\/kellotori.fi\/#website\",\"url\":\"https:\/\/kellotori.fi\/\",\"name\":\"Kellotori.fi\",\"description\":\"Vintagekellojen erikoisliike\",\"publisher\":{\"@id\":\"https:\/\/kellotori.fi\/#organization\"},\"potentialAction\":[{\"@type\":\"SearchAction\",\"target\":{\"@type\":\"EntryPoint\",\"urlTemplate\":\"https:\/\/kellotori.fi\/?s={search_term_string}\"},\"query-input\":{\"@type\":\"PropertyValueSpecification\",\"valueRequired\":true,\"valueName\":\"search_term_string\"}}],\"inLanguage\":\"en-GB\"},{\"@type\":\"Organization\",\"@id\":\"https:\/\/kellotori.fi\/#organization\",\"name\":\"Kellotori\",\"url\":\"https:\/\/kellotori.fi\/\",\"logo\":{\"@type\":\"ImageObject\",\"inLanguage\":\"en-GB\",\"@id\":\"https:\/\/kellotori.fi\/#\/schema\/logo\/image\/\",\"url\":\"https:\/\/kellotori.fi\/wp-content\/uploads\/2024\/05\/minilogo_kellotori.png\",\"contentUrl\":\"https:\/\/kellotori.fi\/wp-content\/uploads\/2024\/05\/minilogo_kellotori.png\",\"width\":330,\"height\":90,\"caption\":\"Kellotori\"},\"image\":{\"@id\":\"https:\/\/kellotori.fi\/#\/schema\/logo\/image\/\"},\"sameAs\":[\"https:\/\/www.facebook.com\/kellotori\/\",\"https:\/\/www.instagram.com\/kellotori.fi\"]}]}<\/script>\n<!-- \/ Yoast SEO plugin. -->","yoast_head_json":{"title":"Watches Shop - Jupiter X Templates","description":"Jupiter X WP Theme's Watches Shop website template with dark background and organized posts element will best suit your classy watch shop.","robots":{"index":"index","follow":"follow","max-snippet":"max-snippet:-1","max-image-preview":"max-image-preview:large","max-video-preview":"max-video-preview:-1"},"canonical":"https:\/\/kellotori.fi\/en\/tietosuojaseloste\/","og_locale":"en_GB","og_type":"article","og_title":"Watches Shop - Jupiter X Templates","og_description":"Jupiter X WP Theme's Watches Shop website template with dark background and organized posts element will best suit your classy watch shop.","og_url":"https:\/\/kellotori.fi\/en\/tietosuojaseloste\/","og_site_name":"Kellotori","article_publisher":"https:\/\/www.facebook.com\/kellotori\/","article_modified_time":"2024-12-12T20:23:49+00:00","twitter_card":"summary_large_image","twitter_misc":{"Estimated reading time":"3 minutes"},"schema":{"@context":"https:\/\/schema.org","@graph":[{"@type":"WebPage","@id":"https:\/\/kellotori.fi\/tietosuojaseloste\/","url":"https:\/\/kellotori.fi\/tietosuojaseloste\/","name":"Watches Shop - Jupiter X Templates","isPartOf":{"@id":"https:\/\/kellotori.fi\/#website"},"datePublished":"2024-06-01T17:22:33+00:00","dateModified":"2024-12-12T20:23:49+00:00","description":"Jupiter X WP Theme's Watches Shop website template with dark background and organized posts element will best suit your classy watch shop.","breadcrumb":{"@id":"https:\/\/kellotori.fi\/tietosuojaseloste\/#breadcrumb"},"inLanguage":"en-GB","potentialAction":[{"@type":"ReadAction","target":["https:\/\/kellotori.fi\/tietosuojaseloste\/"]}]},{"@type":"BreadcrumbList","@id":"https:\/\/kellotori.fi\/tietosuojaseloste\/#breadcrumb","itemListElement":[{"@type":"ListItem","position":1,"name":"Etusivu","item":"https:\/\/kellotori.fi\/"},{"@type":"ListItem","position":2,"name":"Tietosuojaseloste"}]},{"@type":"WebSite","@id":"https:\/\/kellotori.fi\/#website","url":"https:\/\/kellotori.fi\/","name":"Kellotori.fi","description":"Vintagekellojen erikoisliike","publisher":{"@id":"https:\/\/kellotori.fi\/#organization"},"potentialAction":[{"@type":"SearchAction","target":{"@type":"EntryPoint","urlTemplate":"https:\/\/kellotori.fi\/?s={search_term_string}"},"query-input":{"@type":"PropertyValueSpecification","valueRequired":true,"valueName":"search_term_string"}}],"inLanguage":"en-GB"},{"@type":"Organization","@id":"https:\/\/kellotori.fi\/#organization","name":"Kellotori","url":"https:\/\/kellotori.fi\/","logo":{"@type":"ImageObject","inLanguage":"en-GB","@id":"https:\/\/kellotori.fi\/#\/schema\/logo\/image\/","url":"https:\/\/kellotori.fi\/wp-content\/uploads\/2024\/05\/minilogo_kellotori.png","contentUrl":"https:\/\/kellotori.fi\/wp-content\/uploads\/2024\/05\/minilogo_kellotori.png","width":330,"height":90,"caption":"Kellotori"},"image":{"@id":"https:\/\/kellotori.fi\/#\/schema\/logo\/image\/"},"sameAs":["https:\/\/www.facebook.com\/kellotori\/","https:\/\/www.instagram.com\/kellotori.fi"]}]}},"_links":{"self":[{"href":"https:\/\/kellotori.fi\/en\/wp-json\/wp\/v2\/pages\/1544","targetHints":{"allow":["GET"]}}],"collection":[{"href":"https:\/\/kellotori.fi\/en\/wp-json\/wp\/v2\/pages"}],"about":[{"href":"https:\/\/kellotori.fi\/en\/wp-json\/wp\/v2\/types\/page"}],"author":[{"embeddable":true,"href":"https:\/\/kellotori.fi\/en\/wp-json\/wp\/v2\/users\/1"}],"replies":[{"embeddable":true,"href":"https:\/\/kellotori.fi\/en\/wp-json\/wp\/v2\/comments?post=1544"}],"version-history":[{"count":7,"href":"https:\/\/kellotori.fi\/en\/wp-json\/wp\/v2\/pages\/1544\/revisions"}],"predecessor-version":[{"id":1836,"href":"https:\/\/kellotori.fi\/en\/wp-json\/wp\/v2\/pages\/1544\/revisions\/1836"}],"wp:attachment":[{"href":"https:\/\/kellotori.fi\/en\/wp-json\/wp\/v2\/media?parent=1544"}],"curies":[{"name":"wp","href":"https:\/\/api.w.org\/{rel}","templated":true}]}}