

{"id":1549,"date":"2024-06-01T19:28:34","date_gmt":"2024-06-01T17:28:34","guid":{"rendered":"http:\/\/kellotori.fi\/?page_id=1549"},"modified":"2024-06-01T19:37:50","modified_gmt":"2024-06-01T17:37:50","slug":"ehdot","status":"publish","type":"page","link":"https:\/\/kellotori.fi\/en\/ehdot\/","title":{"rendered":"EHDOT"},"content":{"rendered":"\t\t<div data-elementor-type=\"wp-post\" data-elementor-id=\"1549\" class=\"elementor elementor-1549\">\n\t\t\t\t\t\t<section class=\"elementor-section elementor-top-section elementor-element elementor-element-10dc550 elementor-section-boxed elementor-section-height-default elementor-section-height-default\" data-id=\"10dc550\" data-element_type=\"section\" data-settings=\"{&quot;jet_parallax_layout_list&quot;:[{&quot;jet_parallax_layout_image&quot;:{&quot;url&quot;:&quot;&quot;,&quot;id&quot;:&quot;&quot;,&quot;size&quot;:&quot;&quot;},&quot;_id&quot;:&quot;f06cfc0&quot;,&quot;jet_parallax_layout_image_tablet&quot;:{&quot;url&quot;:&quot;&quot;,&quot;id&quot;:&quot;&quot;,&quot;size&quot;:&quot;&quot;},&quot;jet_parallax_layout_image_mobile&quot;:{&quot;url&quot;:&quot;&quot;,&quot;id&quot;:&quot;&quot;,&quot;size&quot;:&quot;&quot;},&quot;jet_parallax_layout_speed&quot;:{&quot;unit&quot;:&quot;%&quot;,&quot;size&quot;:&quot;50&quot;,&quot;sizes&quot;:[]},&quot;jet_parallax_layout_bg_x&quot;:&quot;50&quot;,&quot;jet_parallax_layout_bg_y&quot;:&quot;50&quot;,&quot;jet_parallax_layout_type&quot;:&quot;scroll&quot;,&quot;jet_parallax_layout_direction&quot;:&quot;1&quot;,&quot;jet_parallax_layout_fx_direction&quot;:null,&quot;jet_parallax_layout_z_index&quot;:&quot;&quot;,&quot;jet_parallax_layout_bg_x_tablet&quot;:&quot;&quot;,&quot;jet_parallax_layout_bg_x_mobile&quot;:&quot;&quot;,&quot;jet_parallax_layout_bg_y_tablet&quot;:&quot;&quot;,&quot;jet_parallax_layout_bg_y_mobile&quot;:&quot;&quot;,&quot;jet_parallax_layout_bg_size&quot;:&quot;auto&quot;,&quot;jet_parallax_layout_bg_size_tablet&quot;:&quot;&quot;,&quot;jet_parallax_layout_bg_size_mobile&quot;:&quot;&quot;,&quot;jet_parallax_layout_animation_prop&quot;:&quot;transform&quot;,&quot;jet_parallax_layout_on&quot;:[&quot;desktop&quot;,&quot;tablet&quot;]}]}\">\n\t\t\t\t\t\t<div class=\"elementor-container elementor-column-gap-default\">\n\t\t\t\t\t<div class=\"elementor-column elementor-col-100 elementor-top-column elementor-element elementor-element-e5fe779\" data-id=\"e5fe779\" data-element_type=\"column\">\n\t\t\t<div class=\"elementor-widget-wrap\">\n\t\t\t\t\t\t\t<\/div>\n\t\t<\/div>\n\t\t\t\t\t<\/div>\n\t\t<\/section>\n\t\t\t\t<section class=\"elementor-section elementor-top-section elementor-element elementor-element-8bfb195 elementor-section-boxed elementor-section-height-default elementor-section-height-default\" data-id=\"8bfb195\" data-element_type=\"section\" data-settings=\"{&quot;jet_parallax_layout_list&quot;:[{&quot;jet_parallax_layout_image&quot;:{&quot;url&quot;:&quot;&quot;,&quot;id&quot;:&quot;&quot;,&quot;size&quot;:&quot;&quot;},&quot;_id&quot;:&quot;f06cfc0&quot;,&quot;jet_parallax_layout_image_tablet&quot;:{&quot;url&quot;:&quot;&quot;,&quot;id&quot;:&quot;&quot;,&quot;size&quot;:&quot;&quot;},&quot;jet_parallax_layout_image_mobile&quot;:{&quot;url&quot;:&quot;&quot;,&quot;id&quot;:&quot;&quot;,&quot;size&quot;:&quot;&quot;},&quot;jet_parallax_layout_speed&quot;:{&quot;unit&quot;:&quot;%&quot;,&quot;size&quot;:&quot;50&quot;,&quot;sizes&quot;:[]},&quot;jet_parallax_layout_bg_x&quot;:&quot;50&quot;,&quot;jet_parallax_layout_bg_y&quot;:&quot;50&quot;,&quot;jet_parallax_layout_type&quot;:&quot;scroll&quot;,&quot;jet_parallax_layout_direction&quot;:&quot;1&quot;,&quot;jet_parallax_layout_fx_direction&quot;:null,&quot;jet_parallax_layout_z_index&quot;:&quot;&quot;,&quot;jet_parallax_layout_bg_x_tablet&quot;:&quot;&quot;,&quot;jet_parallax_layout_bg_x_mobile&quot;:&quot;&quot;,&quot;jet_parallax_layout_bg_y_tablet&quot;:&quot;&quot;,&quot;jet_parallax_layout_bg_y_mobile&quot;:&quot;&quot;,&quot;jet_parallax_layout_bg_size&quot;:&quot;auto&quot;,&quot;jet_parallax_layout_bg_size_tablet&quot;:&quot;&quot;,&quot;jet_parallax_layout_bg_size_mobile&quot;:&quot;&quot;,&quot;jet_parallax_layout_animation_prop&quot;:&quot;transform&quot;,&quot;jet_parallax_layout_on&quot;:[&quot;desktop&quot;,&quot;tablet&quot;]}]}\">\n\t\t\t\t\t\t<div class=\"elementor-container elementor-column-gap-default\">\n\t\t\t\t\t<div class=\"elementor-column elementor-col-100 elementor-top-column elementor-element elementor-element-62553d4\" data-id=\"62553d4\" data-element_type=\"column\">\n\t\t\t<div class=\"elementor-widget-wrap elementor-element-populated\">\n\t\t\t\t\t\t<div class=\"elementor-element elementor-element-346452e elementor-align-center elementor-widget elementor-widget-raven-heading\" data-id=\"346452e\" data-element_type=\"widget\" data-widget_type=\"raven-heading.default\">\n\t\t\t\t<div class=\"elementor-widget-container\">\n\t\t\t\t\t\t\t<div class=\"raven-widget-wrapper\"><h1 class=\"raven-heading raven-heading-h1\"><span class=\"raven-heading-title \">Kaupan ehdot<\/span><\/h1><\/div>\n\t\t\t\t\t\t<\/div>\n\t\t\t\t<\/div>\n\t\t\t\t<div class=\"elementor-element elementor-element-ae3a6d7 elementor-widget elementor-widget-text-editor\" data-id=\"ae3a6d7\" data-element_type=\"widget\" data-widget_type=\"text-editor.default\">\n\t\t\t\t<div class=\"elementor-widget-container\">\n\t\t\t\t\t\t\t\t\t<p>Kellotori.fi (Kelloapu Oy:n) verkkokaupan yleiset toimitusehdot<\/p>\n<p>Voimassa 1.8.2023 alkaen.<\/p>\n<p>1. Ehtojen soveltaminen<\/p>\n<p>N\u00e4it\u00e4 yleisi\u00e4 toimitusehtoja sovelletaan Kellotori.fi (Kelloapu Oy:ss\u00e4), y-tunnus: 1018594\u20132, ALV-tunnus: FI10185942 osoite: Kauppatori 3, 37600 Valkeakoski URL-osoitteessa www.kellotori.fi omistamaan verkkokauppaan ja verkkokaupan tuotteita koskeviin tilauksiin sek\u00e4 myyntitapahtumiin.<\/p>\n<p>Yhti\u00f6 pid\u00e4tt\u00e4\u00e4 oikeuden koska tahansa muuttaa n\u00e4it\u00e4 ehtoja. Muutetut ehdot soveltuvat tilauksiin, jotka on tehty yhti\u00f6n ilmoittamana voimaantulop\u00e4iv\u00e4n\u00e4 ja sen j\u00e4lkeen.<\/p>\n<p>Tilaamalla tuotteita verkkokaupastamme hyv\u00e4ksyt n\u00e4m\u00e4 ehdot. Hyv\u00e4ksym\u00e4ll\u00e4 n\u00e4m\u00e4 ehdot, hyv\u00e4ksyt my\u00f6s, ett\u00e4 voimme l\u00e4hett\u00e4\u00e4 sinulle s\u00e4hk\u00f6postia tai tekstiviestej\u00e4 tilaukseesi liittyviss\u00e4 asioissa.<\/p>\n<p>2. Asiakkuus<\/p>\n<p>Tilataksesi sinun tulee:<\/p>\n<p>&#8211; antaa nimesi, osoitteesi, puhelinnumerosi, s\u00e4hk\u00f6postiosoitteesi, maksutiedot sek\u00e4 muut tarpeelliset tiedot;<\/p>\n<p>&#8211; olla v\u00e4hint\u00e4\u00e4n 18-vuotias ja<\/p>\n<p>&#8211; olla k\u00e4ytt\u00e4m\u00e4si maksu- tai luottokortin tai s\u00e4hk\u00f6isen maksuv\u00e4lineen k\u00e4ytt\u00e4j\u00e4tunnusten luvallinen haltija.<\/p>\n<p>Yhti\u00f6 varaa oikeuden hyv\u00e4ksy\u00e4 kaikki Verkkokaupan asiakkaat ennen toimitusta.<\/p>\n<p>3. Tilausten k\u00e4sittely ja sopimuksen syntyminen<\/p>\n<p>Tilauksesi on tarjous ostaa tuotteita, jotka on lueteltu tilauksessasi. Pid\u00e4t\u00e4mme oikeuden olla hyv\u00e4ksym\u00e4tt\u00e4 ep\u00e4tavallisia tilauksia tai tilauksia, joita mielest\u00e4mme ei ole tehty vilpitt\u00f6m\u00e4ss\u00e4 mieless\u00e4.<\/p>\n<p>Vastaanotettuamme tilauksesi l\u00e4het\u00e4mme sinulle s\u00e4hk\u00f6postitse tilausvahvistuksen, joka sis\u00e4lt\u00e4\u00e4 tilaamiesi tuotteiden tiedot. Tilauksesi hyv\u00e4ksyminen ja sopimuksen syntyminen sinun ja yhti\u00f6n v\u00e4lill\u00e4 tapahtuu vasta, kun olemme l\u00e4hett\u00e4neet sinulle tilausvahvistuksen.<\/p>\n<p>Yhti\u00f6n on hyv\u00e4ksytt\u00e4v\u00e4 kaikki tilaukset ennen tuotteiden l\u00e4hett\u00e4mist\u00e4, tai tuotteiden noutoa. Yhti\u00f6 voi j\u00e4tt\u00e4\u00e4 hyv\u00e4ksym\u00e4tt\u00e4 tilauksen mist\u00e4 tahansa syyst\u00e4.<\/p>\n<p>4. Tuotteiden saatavuus ja toimitus<\/p>\n<p>Toimitustavoista l\u00f6yd\u00e4t lis\u00e4\u00e4 tietoa osoitteesta www.kellotori.fi.<\/p>\n<p>Toimituskulut vaihtelevat toimitustapojen mukaan ja ovat n\u00e4ht\u00e4viss\u00e4 tilausta teht\u00e4ess\u00e4. Toimitamme tuotteita kansainv\u00e4lisesti.<\/p>\n<p>Tilaamasi tuotteet pyrit\u00e4\u00e4n l\u00e4hett\u00e4m\u00e4\u00e4n tilausvahvistusta seuraavien 3\u20135 arkip\u00e4iv\u00e4n sis\u00e4ll\u00e4.&nbsp;<\/p>\n<p>Yhti\u00f6 ei takaa tuotteen saatavuutta verkkokaupassa. Yhti\u00f6 varaa oikeuden ilman vastuuta tai aiempaa ilmoitusta muuttaa, keskeytt\u00e4\u00e4 tai lakkauttaa mink\u00e4 tahansa tuotteen myynnin verkkokaupassa.<\/p>\n<p>Vaaranvastuu, kuten riski esimerkiksi tuotteen vaurioitumisesta tai katoamisesta, siirtyy sinulle, kun tuote on toimitettu sinulle.<\/p>\n<p>5. Tuotetiedot<\/p>\n<p>Tilatessasi tuotteita sinun tulee varmistua siit\u00e4, ett\u00e4 ostamasi tuotteet sopivat k\u00e4ytt\u00f6\u00f6si. Voit k\u00e4ytt\u00e4\u00e4 verkkokaupan tuotteista tarjoamaa tietoa tarkistaessasi sopivuutta. Yhti\u00f6 ei vastaa tuotteen soveltuvuudesta erityisesti sinun k\u00e4ytt\u00f6\u00f6si.<\/p>\n<p>6. Hinnat ja maksutavat<\/p>\n<p>Tuotteesta veloitettava hinta on tilaushetkell\u00e4 voimassa oleva hinta, joka n\u00e4kyy verkkokaupan tilauksesi koontitiedoissa ennen maksusuoritusta ja vahvistetaan tilausvahvistuksessa. Mik\u00e4li hinta on kirjoitusvirheen tai muun sellaisen takia ilmoitettu verkkokaupassa ilmeisen virheellisesti, ei virheellinen hinta sido yhti\u00f6t\u00e4.<\/p>\n<p>Yhti\u00f6 voi halutessaan muuttaa hintoja ilman eri ilmoitusta. Muutettuja hintoja sovelletaan hintojen muutoksen j\u00e4lkeen tehtyihin tilauksiin.<\/p>\n<p>Tuotteiden hinnat sis\u00e4lt\u00e4v\u00e4t arvonlis\u00e4veron tai marginaaliveron, mutta eiv\u00e4t sis\u00e4ll\u00e4 kuljetus- tai k\u00e4sittelykuluja. Lis\u00e4kulut liittyen kuljetukseen, k\u00e4sittelyyn sek\u00e4 n\u00e4iden arvonlis\u00e4veroon tai muihin veroihin eritell\u00e4\u00e4n verkkokaupan tilauksesi koontitiedoissa ennen maksusuoritusta.<\/p>\n<p>Verkkokaupan ajankohtainen lista k\u00e4yt\u00f6ss\u00e4 olevista maksutavoista l\u00f6ytyy sivustolta tilauksen yhteydest\u00e4.<\/p>\n<p>Maksupalveluntarjoaja<\/p>\n<p>Maksunv\u00e4lityspalvelun toteuttajana ja maksupalveluntarjoajana meill\u00e4 on kumppanina Stripe ja Paypal, sek\u00e4 tilisiirto.<\/p>\n<p>7. Peruuttamisoikeus ja tuotteiden palauttaminen<\/p>\n<p>Mik\u00e4li et ole vastaanottanut l\u00e4hetyst\u00e4 14 vuorokauden kuluessa saapumisilmoituksesta, palautuu l\u00e4hetys yhti\u00f6lle ja kauppa katsotaan puretuksi. T\u00e4llaisessa tapauksessa yhti\u00f6 veloittaa sinulta sille aiheutuneet kulut, jotka v\u00e4hennet\u00e4\u00e4n palautettavasta maksusta.<\/p>\n<p>Sinulla on kuluttajansuojalain mukainen oikeus peruuttaa tilaus 14 vuorokauden kuluessa tuotteen vastaanottamisesta ilmoittamalla siit\u00e4 yhti\u00f6n asiakaspalveluun.<\/p>\n<p>Palautus on teht\u00e4v\u00e4 viipym\u00e4tt\u00e4 ja viimeist\u00e4\u00e4n 14 vuorokauden kuluessa peruutusilmoituksen tekemisest\u00e4. Sin\u00e4 vastaat tuotteiden palauttamisesta johtavista v\u00e4litt\u00f6mist\u00e4 kuluista. Noudata palautuksessa palautusohjeita. Tuotteet tulee pakata huolellisesti, jotta ne eiv\u00e4t vahingoitu kuljetuksessa.<\/p>\n<p>Mik\u00e4li olet k\u00e4ytt\u00e4nyt tuotetta tai k\u00e4sitellyt sit\u00e4 huolimattomasti, vastaat tuotteen arvon alentumisesta enint\u00e4\u00e4n tuotteen t\u00e4yteen arvoon saakka.<\/p>\n<p>K\u00e4ytt\u00e4ess\u00e4si kuluttajansuojalain mukaista peruutusoikeuttasi, Yhti\u00f6 palauttaa saamansa maksun viimeist\u00e4\u00e4n 14 vuorokauden kuluttua siit\u00e4, kun yhti\u00f6 on saanut palautetut tuotteet takaisin. Maksupalautus tehd\u00e4\u00e4n, sill\u00e4 maksutavalla, jota olet k\u00e4ytt\u00e4nyt tilatessasi tuotteet. Maksupalautuksista ei aiheudu sinulle ylim\u00e4\u00e4r\u00e4isi\u00e4 kuluja. Ennen tuotepalautuksia sinun tulee ottaa yhteytt\u00e4 myyj\u00e4\u00e4n info@kellotori.fi sopiaksesi palautuksesta ja saadaksesi ohjeet palautukseen.<\/p>\n<p>8. Peruuttamisoikeuden rajoitukset<\/p>\n<p>Peruutusoikeutta ei ole, mik\u00e4li sopimus koskee tavaraa, joka valmistetaan tai jota muunnellaan asiakkaan vaatimusten mukaisesti tai selv\u00e4sti henkil\u00f6kohtaisia tarpeita vastaavaksi.<\/p>\n<p>Tuotteiden virheet<\/p>\n<p>Yhti\u00f6 tuotteen myyj\u00e4n\u00e4 vastaa tuotteiden virheellisyydest\u00e4 kuluttajansuojalain mukaisesti, eik\u00e4 yhti\u00f6 anna mit\u00e4\u00e4n t\u00e4m\u00e4n ylimenevi\u00e4 takuita tai vakuutuksia, huomioimatta kellojen huoltotakuuta. Yhti\u00f6 ei vastaa tuotteiden virheellisen asennuksen, k\u00e4yt\u00f6n ja huollon tai sen laiminly\u00f6nnin, taikka normaalin kulumisen aiheuttamista vioista. Tuotteisiin voi kuitenkin soveltua niiden valmistajan my\u00f6nt\u00e4m\u00e4 takuu.<\/p>\n<p>Mik\u00e4li huomaat sinulle toimitetuissa tuotteissa olevan virheen tai toimituksesta puuttuvan tilattuja tuotteita, tulee sinun ilmoittaa t\u00e4st\u00e4 asiakaspalveluumme viipym\u00e4tt\u00e4 joko s\u00e4hk\u00f6postitse tai puhelimitse. Mik\u00e4li tuotteessa todetaan olleen virhe, toimitamme tilalle virheett\u00f6m\u00e4n tai korvaavan tuotteen tai hyvit\u00e4mme virhett\u00e4 vastaavan hinnan.<\/p>\n<p>9. Vastuunrajoitukset<\/p>\n<p>Yhti\u00f6n virhevastuu rajoittuu pakottavan lains\u00e4\u00e4d\u00e4nn\u00f6n mukaiseen virhevastuuseen. Ellei sovellettavasta pakottavasta lains\u00e4\u00e4d\u00e4nn\u00f6st\u00e4 muuta johdu, yhti\u00f6 ei vastaa mist\u00e4\u00e4n v\u00e4lillisest\u00e4 tai muusta ep\u00e4suorasta vahingosta.<\/p>\n<p>Yhti\u00f6 ei vastaa my\u00f6sk\u00e4\u00e4n mist\u00e4\u00e4n viiv\u00e4styksest\u00e4 tai vahingosta, joka johtuu yhti\u00f6n vaikutusmahdollisuuksien ulkopuolella olevasta ylivoimaisesta esteest\u00e4, jota yhti\u00f6n ei kohtuudella voida edellytt\u00e4\u00e4 ottaneen huomioon sopimuksentekohetkell\u00e4 ja jonka seurauksia yhti\u00f6 ei my\u00f6sk\u00e4\u00e4n kohtuudella olisi voinut v\u00e4ltt\u00e4\u00e4 tai voittaa.<\/p>\n<p>10. Sovellettava laki ja riidanratkaisu<\/p>\n<p>N\u00e4ihin ehtoihin ja verkkokauppaan sek\u00e4 tehtyihin kauppoihin sovelletaan Suomen lains\u00e4\u00e4d\u00e4nt\u00f6\u00e4.<\/p>\n<p>Jos sopimusta koskevaa erimielisyytt\u00e4 ei saada ratkaistuksi osapuolten v\u00e4lisill\u00e4 neuvotteluilla, kuluttaja voi saattaa asian kuluttajariitalautakunnan (www.kuluttajariita.fi) ratkaistavaksi. Ennen asian viemist\u00e4 kuluttajariitalautakunnan k\u00e4sittelyyn kuluttajan tulee olla yhteydess\u00e4 maistraattien kuluttajaneuvontaan (www.kuluttajaneuvonta.fi). Kuluttajalla on lis\u00e4ksi mahdollisuus k\u00e4ytt\u00e4\u00e4 my\u00f6s Euroopan komission yll\u00e4pit\u00e4m\u00e4\u00e4 verkkov\u00e4litteist\u00e4 riidanratkaisufoorumia (http:\/\/ec.europa.eu\/odr).<\/p>\n<p>Lis\u00e4ksi sinulla on oikeus saattaa riita-asia k\u00e4r\u00e4j\u00e4oikeuden ratkaistavaksi, joko yhti\u00f6n kotipaikan tai oman asuinpaikkasi kotipaikan k\u00e4r\u00e4j\u00e4oikeuteen.<\/p>\n<p>11. Yhteydenotot ja asiakaspalvelu<\/p>\n<p>Jos sinulla on verkkokauppaa, tuotteita tai tuotteiden tilaamista ja toimitusta koskevia kysymyksi\u00e4, ota yhteytt\u00e4 asiakaspalveluumme joko puhelimitse 0503628414 ma-pe klo 12\u201315 v\u00e4lisen\u00e4 aikana, tai s\u00e4hk\u00f6postilla info@kellotori.fi&nbsp;<\/p>\t\t\t\t\t\t\t\t<\/div>\n\t\t\t\t<\/div>\n\t\t\t\t<div class=\"elementor-element elementor-element-1ebb630 elementor-mobile-align-center elementor-align-center elementor-widget elementor-widget-raven-button\" data-id=\"1ebb630\" data-element_type=\"widget\" data-settings=\"{&quot;turn_to_popup_action_button&quot;:&quot;no&quot;}\" data-widget_type=\"raven-button.default\">\n\t\t\t\t<div class=\"elementor-widget-container\">\n\t\t\t\t\t\t\t<div class=\"raven-widget-wrapper\">\n\t\t\t<a class=\"raven-button raven-button-widget-normal-effect-none elementor-button raven-button-text-align-center raven-button-link elementor-animation-none\" href=\"http:\/\/kellotori.fi\/\/watches\/\">\t\t\t\t<div class=\"raven-button-overlay\" ><\/div>\n\t\t\t\t<span class=\"raven-button-content\">\n\t\t\t\t\t\n\t\t\t\t\t<div class=\"button-text-container\">\n\t\t\t\t\t\t\t\t\t\t\t\t<div class=\"raven-button-texts-wrapper\">\n\t\t\t\t\t\t\t<div class=\"button-text\">\n\t\t\t\t\t\t\t\t<span class=\"raven-button-text\">\n\t\t\t\t\t\t\t\t\tSiirry kauppaan\t\t\t\t\t\t\t\t<\/span>\n\t\t\t\t\t\t\t<\/div>\n\t\t\t\t\t\t\t\t\t\t\t\t\t<\/div>\n\t\t\t\t\t\t\t\t\t\t\t<\/div>\n\t\t\t\t\t\n\t\t\t\t\t\t\t\t\t<\/span>\n\t\t\t<\/a>\t\t<\/div>\n\t\t\t\t\t\t<\/div>\n\t\t\t\t<\/div>\n\t\t\t\t\t<\/div>\n\t\t<\/div>\n\t\t\t\t\t<\/div>\n\t\t<\/section>\n\t\t\t\t<\/div>\n\t\t","protected":false},"excerpt":{"rendered":"<p>Kaupan ehdot Kellotori.fi (Kelloapu Oy:n) verkkokaupan yleiset toimitusehdot Voimassa 1.8.2023 alkaen. 1. Ehtojen soveltaminen N\u00e4it\u00e4 yleisi\u00e4 toimitusehtoja sovelletaan Kellotori.fi (Kelloapu Oy:ss\u00e4), y-tunnus: 1018594\u20132, ALV-tunnus: FI10185942 osoite: Kauppatori 3, 37600 Valkeakoski URL-osoitteessa www.kellotori.fi omistamaan verkkokauppaan ja verkkokaupan tuotteita koskeviin tilauksiin sek\u00e4 myyntitapahtumiin. Yhti\u00f6 pid\u00e4tt\u00e4\u00e4 oikeuden koska tahansa muuttaa n\u00e4it\u00e4 ehtoja. Muutetut ehdot soveltuvat tilauksiin, jotka on [&hellip;]<\/p>\n","protected":false},"author":1,"featured_media":0,"parent":0,"menu_order":0,"comment_status":"closed","ping_status":"closed","template":"","meta":{"_acf_changed":false,"footnotes":""},"class_list":["post-1549","page","type-page","status-publish","hentry"],"acf":[],"yoast_head":"<!-- This site is optimized with the Yoast SEO plugin v26.2 - https:\/\/yoast.com\/wordpress\/plugins\/seo\/ -->\n<title>Watches Shop - Jupiter X Templates<\/title>\n<meta name=\"description\" content=\"Jupiter X WP Theme&#039;s Watches Shop website template with dark background and organized posts element will best suit your classy watch shop.\" \/>\n<meta name=\"robots\" content=\"index, follow, max-snippet:-1, max-image-preview:large, max-video-preview:-1\" \/>\n<link rel=\"canonical\" href=\"https:\/\/kellotori.fi\/en\/ehdot\/\" \/>\n<meta property=\"og:locale\" content=\"en_GB\" \/>\n<meta property=\"og:type\" content=\"article\" \/>\n<meta property=\"og:title\" content=\"Watches Shop - Jupiter X Templates\" \/>\n<meta property=\"og:description\" content=\"Jupiter X WP Theme&#039;s Watches Shop website template with dark background and organized posts element will best suit your classy watch shop.\" \/>\n<meta property=\"og:url\" content=\"https:\/\/kellotori.fi\/en\/ehdot\/\" \/>\n<meta property=\"og:site_name\" content=\"Kellotori\" \/>\n<meta property=\"article:publisher\" content=\"https:\/\/www.facebook.com\/kellotori\/\" \/>\n<meta property=\"article:modified_time\" content=\"2024-06-01T17:37:50+00:00\" \/>\n<meta name=\"twitter:card\" content=\"summary_large_image\" \/>\n<meta name=\"twitter:label1\" content=\"Estimated reading time\" \/>\n\t<meta name=\"twitter:data1\" content=\"5 minutes\" \/>\n<script type=\"application\/ld+json\" class=\"yoast-schema-graph\">{\"@context\":\"https:\/\/schema.org\",\"@graph\":[{\"@type\":\"WebPage\",\"@id\":\"https:\/\/kellotori.fi\/ehdot\/\",\"url\":\"https:\/\/kellotori.fi\/ehdot\/\",\"name\":\"Watches Shop - Jupiter X Templates\",\"isPartOf\":{\"@id\":\"https:\/\/kellotori.fi\/#website\"},\"datePublished\":\"2024-06-01T17:28:34+00:00\",\"dateModified\":\"2024-06-01T17:37:50+00:00\",\"description\":\"Jupiter X WP Theme's Watches Shop website template with dark background and organized posts element will best suit your classy watch shop.\",\"breadcrumb\":{\"@id\":\"https:\/\/kellotori.fi\/ehdot\/#breadcrumb\"},\"inLanguage\":\"en-GB\",\"potentialAction\":[{\"@type\":\"ReadAction\",\"target\":[\"https:\/\/kellotori.fi\/ehdot\/\"]}]},{\"@type\":\"BreadcrumbList\",\"@id\":\"https:\/\/kellotori.fi\/ehdot\/#breadcrumb\",\"itemListElement\":[{\"@type\":\"ListItem\",\"position\":1,\"name\":\"Etusivu\",\"item\":\"https:\/\/kellotori.fi\/\"},{\"@type\":\"ListItem\",\"position\":2,\"name\":\"EHDOT\"}]},{\"@type\":\"WebSite\",\"@id\":\"https:\/\/kellotori.fi\/#website\",\"url\":\"https:\/\/kellotori.fi\/\",\"name\":\"Kellotori.fi\",\"description\":\"Vintagekellojen erikoisliike\",\"publisher\":{\"@id\":\"https:\/\/kellotori.fi\/#organization\"},\"potentialAction\":[{\"@type\":\"SearchAction\",\"target\":{\"@type\":\"EntryPoint\",\"urlTemplate\":\"https:\/\/kellotori.fi\/?s={search_term_string}\"},\"query-input\":{\"@type\":\"PropertyValueSpecification\",\"valueRequired\":true,\"valueName\":\"search_term_string\"}}],\"inLanguage\":\"en-GB\"},{\"@type\":\"Organization\",\"@id\":\"https:\/\/kellotori.fi\/#organization\",\"name\":\"Kellotori\",\"url\":\"https:\/\/kellotori.fi\/\",\"logo\":{\"@type\":\"ImageObject\",\"inLanguage\":\"en-GB\",\"@id\":\"https:\/\/kellotori.fi\/#\/schema\/logo\/image\/\",\"url\":\"https:\/\/kellotori.fi\/wp-content\/uploads\/2024\/05\/minilogo_kellotori.png\",\"contentUrl\":\"https:\/\/kellotori.fi\/wp-content\/uploads\/2024\/05\/minilogo_kellotori.png\",\"width\":330,\"height\":90,\"caption\":\"Kellotori\"},\"image\":{\"@id\":\"https:\/\/kellotori.fi\/#\/schema\/logo\/image\/\"},\"sameAs\":[\"https:\/\/www.facebook.com\/kellotori\/\",\"https:\/\/www.instagram.com\/kellotori.fi\"]}]}<\/script>\n<!-- \/ Yoast SEO plugin. -->","yoast_head_json":{"title":"Watches Shop - Jupiter X Templates","description":"Jupiter X WP Theme's Watches Shop website template with dark background and organized posts element will best suit your classy watch shop.","robots":{"index":"index","follow":"follow","max-snippet":"max-snippet:-1","max-image-preview":"max-image-preview:large","max-video-preview":"max-video-preview:-1"},"canonical":"https:\/\/kellotori.fi\/en\/ehdot\/","og_locale":"en_GB","og_type":"article","og_title":"Watches Shop - Jupiter X Templates","og_description":"Jupiter X WP Theme's Watches Shop website template with dark background and organized posts element will best suit your classy watch shop.","og_url":"https:\/\/kellotori.fi\/en\/ehdot\/","og_site_name":"Kellotori","article_publisher":"https:\/\/www.facebook.com\/kellotori\/","article_modified_time":"2024-06-01T17:37:50+00:00","twitter_card":"summary_large_image","twitter_misc":{"Estimated reading time":"5 minutes"},"schema":{"@context":"https:\/\/schema.org","@graph":[{"@type":"WebPage","@id":"https:\/\/kellotori.fi\/ehdot\/","url":"https:\/\/kellotori.fi\/ehdot\/","name":"Watches Shop - Jupiter X Templates","isPartOf":{"@id":"https:\/\/kellotori.fi\/#website"},"datePublished":"2024-06-01T17:28:34+00:00","dateModified":"2024-06-01T17:37:50+00:00","description":"Jupiter X WP Theme's Watches Shop website template with dark background and organized posts element will best suit your classy watch shop.","breadcrumb":{"@id":"https:\/\/kellotori.fi\/ehdot\/#breadcrumb"},"inLanguage":"en-GB","potentialAction":[{"@type":"ReadAction","target":["https:\/\/kellotori.fi\/ehdot\/"]}]},{"@type":"BreadcrumbList","@id":"https:\/\/kellotori.fi\/ehdot\/#breadcrumb","itemListElement":[{"@type":"ListItem","position":1,"name":"Etusivu","item":"https:\/\/kellotori.fi\/"},{"@type":"ListItem","position":2,"name":"EHDOT"}]},{"@type":"WebSite","@id":"https:\/\/kellotori.fi\/#website","url":"https:\/\/kellotori.fi\/","name":"Kellotori.fi","description":"Vintagekellojen erikoisliike","publisher":{"@id":"https:\/\/kellotori.fi\/#organization"},"potentialAction":[{"@type":"SearchAction","target":{"@type":"EntryPoint","urlTemplate":"https:\/\/kellotori.fi\/?s={search_term_string}"},"query-input":{"@type":"PropertyValueSpecification","valueRequired":true,"valueName":"search_term_string"}}],"inLanguage":"en-GB"},{"@type":"Organization","@id":"https:\/\/kellotori.fi\/#organization","name":"Kellotori","url":"https:\/\/kellotori.fi\/","logo":{"@type":"ImageObject","inLanguage":"en-GB","@id":"https:\/\/kellotori.fi\/#\/schema\/logo\/image\/","url":"https:\/\/kellotori.fi\/wp-content\/uploads\/2024\/05\/minilogo_kellotori.png","contentUrl":"https:\/\/kellotori.fi\/wp-content\/uploads\/2024\/05\/minilogo_kellotori.png","width":330,"height":90,"caption":"Kellotori"},"image":{"@id":"https:\/\/kellotori.fi\/#\/schema\/logo\/image\/"},"sameAs":["https:\/\/www.facebook.com\/kellotori\/","https:\/\/www.instagram.com\/kellotori.fi"]}]}},"_links":{"self":[{"href":"https:\/\/kellotori.fi\/en\/wp-json\/wp\/v2\/pages\/1549","targetHints":{"allow":["GET"]}}],"collection":[{"href":"https:\/\/kellotori.fi\/en\/wp-json\/wp\/v2\/pages"}],"about":[{"href":"https:\/\/kellotori.fi\/en\/wp-json\/wp\/v2\/types\/page"}],"author":[{"embeddable":true,"href":"https:\/\/kellotori.fi\/en\/wp-json\/wp\/v2\/users\/1"}],"replies":[{"embeddable":true,"href":"https:\/\/kellotori.fi\/en\/wp-json\/wp\/v2\/comments?post=1549"}],"version-history":[{"count":7,"href":"https:\/\/kellotori.fi\/en\/wp-json\/wp\/v2\/pages\/1549\/revisions"}],"predecessor-version":[{"id":1557,"href":"https:\/\/kellotori.fi\/en\/wp-json\/wp\/v2\/pages\/1549\/revisions\/1557"}],"wp:attachment":[{"href":"https:\/\/kellotori.fi\/en\/wp-json\/wp\/v2\/media?parent=1549"}],"curies":[{"name":"wp","href":"https:\/\/api.w.org\/{rel}","templated":true}]}}