

{"id":2402,"date":"2025-12-03T14:56:05","date_gmt":"2025-12-03T13:56:05","guid":{"rendered":"https:\/\/kellotori.fi\/?post_type=product&#038;p=2402"},"modified":"2025-12-05T12:35:11","modified_gmt":"2025-12-05T11:35:11","slug":"kayttamaton-zenith-captain-nos-1960-unused-zenith-captain-nos-1960","status":"publish","type":"product","link":"https:\/\/kellotori.fi\/en\/product\/kayttamaton-zenith-captain-nos-1960-unused-zenith-captain-nos-1960\/","title":{"rendered":"K\u00e4ytt\u00e4m\u00e4t\u00f6n Zenith Captain (NOS) 1960 | Unused Zenith Captain (NOS) 1960"},"content":{"rendered":"<table border=\"1\" width=\"100%\" cellspacing=\"0\" cellpadding=\"4\">\n<tbody>\n<tr>\n<td valign=\"TOP\" width=\"24%\">Kuntom\u00e4\u00e4ritys \/ Condition:<\/td>\n<td valign=\"TOP\" width=\"65%\">Visuaalinen kunto | Visual condition<\/td>\n<td width=\"10%\">4.5\/5<\/td>\n<\/tr>\n<tr>\n<td valign=\"TOP\" width=\"24%\"><\/td>\n<td valign=\"TOP\" width=\"65%\">Tekninen kunto | Technical condition<\/td>\n<td width=\"10%\">5\/5<\/td>\n<\/tr>\n<\/tbody>\n<\/table>","protected":false},"excerpt":{"rendered":"<p>K\u00e4ytt\u00e4m\u00e4t\u00f6n Zenith Captain (NOS) 1960 | Unused Zenith Captain (NOS) 1960<\/p>\n<table border=\"1\" width=\"100%\" cellspacing=\"0\" cellpadding=\"4\">\n<tbody>\n<tr>\n<td valign=\"TOP\" width=\"58%\">Merkki | Brand<\/td>\n<td width=\"42%\">Zenith<\/td>\n<\/tr>\n<tr>\n<td valign=\"TOP\" width=\"58%\">Malli | Model<\/td>\n<td width=\"42%\">Captain<\/td>\n<\/tr>\n<tr>\n<td valign=\"TOP\" width=\"58%\">Kuori | Cover<\/td>\n<td width=\"42%\">ter\u00e4s | steel<\/td>\n<\/tr>\n<tr>\n<td valign=\"TOP\" width=\"58%\">Referenssi | Reference<\/td>\n<td width=\"42%\">9557312<\/td>\n<\/tr>\n<tr>\n<td valign=\"TOP\" width=\"58%\">Halkaisija | Diameter<\/td>\n<td width=\"42%\">35 mm<\/td>\n<\/tr>\n<tr>\n<td valign=\"TOP\" width=\"58%\">Koneisto | Mechanism<\/td>\n<td width=\"42%\">Automaatti | Automatic<\/td>\n<\/tr>\n<tr>\n<td valign=\"TOP\" width=\"58%\">Kaliiperi | Caliber<\/td>\n<td width=\"42%\">2522P<\/td>\n<\/tr>\n<tr>\n<td valign=\"TOP\" width=\"58%\">Valmistenumero | Identification number<\/td>\n<td width=\"42%\">5103912<\/td>\n<\/tr>\n<tr>\n<td valign=\"TOP\" width=\"58%\">Valmistusvuosi | Production year<\/td>\n<td width=\"42%\">1960<\/td>\n<\/tr>\n<tr>\n<td valign=\"TOP\" width=\"58%\">Nuppi | Knob<\/td>\n<td width=\"42%\">Original<\/td>\n<\/tr>\n<tr>\n<td valign=\"TOP\" width=\"58%\">Lasike | Glass<\/td>\n<td width=\"42%\">Original<\/td>\n<\/tr>\n<tr>\n<td valign=\"TOP\" width=\"58%\">Rannekkeen leveys ja pituus | Braclet width and length<\/td>\n<td width=\"42%\">18 M<\/td>\n<\/tr>\n<tr>\n<td valign=\"TOP\" width=\"58%\">Rannekkeen materiaali | Braclet material<\/td>\n<td width=\"42%\">Orig. nahka | original leather<\/td>\n<\/tr>\n<tr>\n<td valign=\"TOP\" width=\"58%\"><\/td>\n<td width=\"42%\"><\/td>\n<\/tr>\n<tr>\n<td valign=\"TOP\" width=\"58%\">Lis\u00e4huomiot | Additional information<\/td>\n<td width=\"42%\">Laatikolla | with box<\/td>\n<\/tr>\n<\/tbody>\n<\/table>\n<table border=\"1\" width=\"100%\" frame=\"BELOW\" rules=\"NONE\" cellspacing=\"0\" cellpadding=\"2\">\n<tbody>\n<tr>\n<td valign=\"TOP\" width=\"100%\"><\/td>\n<\/tr>\n<tr>\n<td valign=\"TOP\" width=\"100%\"><\/td>\n<\/tr>\n<\/tbody>\n<\/table>\n<p>&nbsp;<\/p>","protected":false},"featured_media":2405,"template":"","meta":{"_acf_changed":false},"product_brand":[],"product_cat":[35,44],"product_tag":[],"class_list":{"0":"post-2402","1":"product","2":"type-product","3":"status-publish","4":"has-post-thumbnail","6":"product_cat-miesten-kellot","7":"product_cat-yleinen","9":"first","10":"outofstock","11":"taxable","12":"shipping-taxable","13":"purchasable","14":"product-type-simple"},"acf":[],"yoast_head":"<!-- This site is optimized with the Yoast SEO plugin v26.2 - https:\/\/yoast.com\/wordpress\/plugins\/seo\/ -->\n<title>K\u00e4ytt\u00e4m\u00e4t\u00f6n Zenith Captain (NOS) 1960 | Unused Zenith Captain (NOS) 1960 - Kellotori<\/title>\n<meta name=\"robots\" content=\"index, follow, max-snippet:-1, max-image-preview:large, max-video-preview:-1\" \/>\n<link rel=\"canonical\" href=\"https:\/\/kellotori.fi\/en\/product\/kayttamaton-zenith-captain-nos-1960-unused-zenith-captain-nos-1960\/\" \/>\n<meta property=\"og:locale\" content=\"en_GB\" \/>\n<meta property=\"og:type\" content=\"article\" \/>\n<meta property=\"og:title\" content=\"K\u00e4ytt\u00e4m\u00e4t\u00f6n Zenith Captain (NOS) 1960 | Unused Zenith Captain (NOS) 1960 - Kellotori\" \/>\n<meta property=\"og:description\" content=\"K\u00e4ytt\u00e4m\u00e4t\u00f6n Zenith Captain (NOS) 1960 | Unused Zenith Captain (NOS) 1960    Merkki | Brand Zenith   Malli | Model Captain   Kuori | Cover ter\u00e4s | steel   Referenssi | Reference 9557312   Halkaisija | Diameter 35 mm   Koneisto | Mechanism Automaatti | Automatic   Kaliiperi | Caliber 2522P   Valmistenumero | Identification number 5103912   Valmistusvuosi | Production year 1960   Nuppi | Knob Original   Lasike | Glass Original   Rannekkeen leveys ja pituus | Braclet width and length 18 M   Rannekkeen materiaali | Braclet material Orig. nahka | original leather       Lis\u00e4huomiot | Additional information Laatikolla | with box              &nbsp;\" \/>\n<meta property=\"og:url\" content=\"https:\/\/kellotori.fi\/en\/product\/kayttamaton-zenith-captain-nos-1960-unused-zenith-captain-nos-1960\/\" \/>\n<meta property=\"og:site_name\" content=\"Kellotori\" \/>\n<meta property=\"article:publisher\" content=\"https:\/\/www.facebook.com\/kellotori\/\" \/>\n<meta property=\"article:modified_time\" content=\"2025-12-05T11:35:11+00:00\" \/>\n<meta property=\"og:image\" content=\"https:\/\/kellotori.fi\/wp-content\/uploads\/2025\/12\/IMG_8843.jpg\" \/>\n\t<meta property=\"og:image:width\" content=\"480\" \/>\n\t<meta property=\"og:image:height\" content=\"640\" \/>\n\t<meta property=\"og:image:type\" content=\"image\/jpeg\" \/>\n<meta name=\"twitter:card\" content=\"summary_large_image\" \/>\n<meta name=\"twitter:label1\" content=\"Estimated reading time\" \/>\n\t<meta name=\"twitter:data1\" content=\"1 minute\" \/>\n<script type=\"application\/ld+json\" class=\"yoast-schema-graph\">{\"@context\":\"https:\/\/schema.org\",\"@graph\":[{\"@type\":\"WebPage\",\"@id\":\"https:\/\/kellotori.fi\/en\/product\/kayttamaton-zenith-captain-nos-1960-unused-zenith-captain-nos-1960\/\",\"url\":\"https:\/\/kellotori.fi\/en\/product\/kayttamaton-zenith-captain-nos-1960-unused-zenith-captain-nos-1960\/\",\"name\":\"K\u00e4ytt\u00e4m\u00e4t\u00f6n Zenith Captain (NOS) 1960 | Unused Zenith Captain (NOS) 1960 - Kellotori\",\"isPartOf\":{\"@id\":\"https:\/\/kellotori.fi\/#website\"},\"primaryImageOfPage\":{\"@id\":\"https:\/\/kellotori.fi\/en\/product\/kayttamaton-zenith-captain-nos-1960-unused-zenith-captain-nos-1960\/#primaryimage\"},\"image\":{\"@id\":\"https:\/\/kellotori.fi\/en\/product\/kayttamaton-zenith-captain-nos-1960-unused-zenith-captain-nos-1960\/#primaryimage\"},\"thumbnailUrl\":\"https:\/\/kellotori.fi\/wp-content\/uploads\/2025\/12\/IMG_8843.jpg\",\"datePublished\":\"2025-12-03T13:56:05+00:00\",\"dateModified\":\"2025-12-05T11:35:11+00:00\",\"breadcrumb\":{\"@id\":\"https:\/\/kellotori.fi\/en\/product\/kayttamaton-zenith-captain-nos-1960-unused-zenith-captain-nos-1960\/#breadcrumb\"},\"inLanguage\":\"en-GB\",\"potentialAction\":[{\"@type\":\"ReadAction\",\"target\":[\"https:\/\/kellotori.fi\/en\/product\/kayttamaton-zenith-captain-nos-1960-unused-zenith-captain-nos-1960\/\"]}]},{\"@type\":\"ImageObject\",\"inLanguage\":\"en-GB\",\"@id\":\"https:\/\/kellotori.fi\/en\/product\/kayttamaton-zenith-captain-nos-1960-unused-zenith-captain-nos-1960\/#primaryimage\",\"url\":\"https:\/\/kellotori.fi\/wp-content\/uploads\/2025\/12\/IMG_8843.jpg\",\"contentUrl\":\"https:\/\/kellotori.fi\/wp-content\/uploads\/2025\/12\/IMG_8843.jpg\",\"width\":480,\"height\":640},{\"@type\":\"BreadcrumbList\",\"@id\":\"https:\/\/kellotori.fi\/en\/product\/kayttamaton-zenith-captain-nos-1960-unused-zenith-captain-nos-1960\/#breadcrumb\",\"itemListElement\":[{\"@type\":\"ListItem\",\"position\":1,\"name\":\"Etusivu\",\"item\":\"https:\/\/kellotori.fi\/\"},{\"@type\":\"ListItem\",\"position\":2,\"name\":\"Shop\",\"item\":\"https:\/\/kellotori.fi\/en\/shop\/\"},{\"@type\":\"ListItem\",\"position\":3,\"name\":\"K\u00e4ytt\u00e4m\u00e4t\u00f6n Zenith Captain (NOS) 1960 | Unused Zenith Captain (NOS) 1960\"}]},{\"@type\":\"WebSite\",\"@id\":\"https:\/\/kellotori.fi\/#website\",\"url\":\"https:\/\/kellotori.fi\/\",\"name\":\"Kellotori.fi\",\"description\":\"Vintagekellojen erikoisliike\",\"publisher\":{\"@id\":\"https:\/\/kellotori.fi\/#organization\"},\"potentialAction\":[{\"@type\":\"SearchAction\",\"target\":{\"@type\":\"EntryPoint\",\"urlTemplate\":\"https:\/\/kellotori.fi\/?s={search_term_string}\"},\"query-input\":{\"@type\":\"PropertyValueSpecification\",\"valueRequired\":true,\"valueName\":\"search_term_string\"}}],\"inLanguage\":\"en-GB\"},{\"@type\":\"Organization\",\"@id\":\"https:\/\/kellotori.fi\/#organization\",\"name\":\"Kellotori\",\"url\":\"https:\/\/kellotori.fi\/\",\"logo\":{\"@type\":\"ImageObject\",\"inLanguage\":\"en-GB\",\"@id\":\"https:\/\/kellotori.fi\/#\/schema\/logo\/image\/\",\"url\":\"https:\/\/kellotori.fi\/wp-content\/uploads\/2024\/05\/minilogo_kellotori.png\",\"contentUrl\":\"https:\/\/kellotori.fi\/wp-content\/uploads\/2024\/05\/minilogo_kellotori.png\",\"width\":330,\"height\":90,\"caption\":\"Kellotori\"},\"image\":{\"@id\":\"https:\/\/kellotori.fi\/#\/schema\/logo\/image\/\"},\"sameAs\":[\"https:\/\/www.facebook.com\/kellotori\/\",\"https:\/\/www.instagram.com\/kellotori.fi\"]}]}<\/script>\n<!-- \/ Yoast SEO plugin. -->","yoast_head_json":{"title":"K\u00e4ytt\u00e4m\u00e4t\u00f6n Zenith Captain (NOS) 1960 | Unused Zenith Captain (NOS) 1960 - Kellotori","robots":{"index":"index","follow":"follow","max-snippet":"max-snippet:-1","max-image-preview":"max-image-preview:large","max-video-preview":"max-video-preview:-1"},"canonical":"https:\/\/kellotori.fi\/en\/product\/kayttamaton-zenith-captain-nos-1960-unused-zenith-captain-nos-1960\/","og_locale":"en_GB","og_type":"article","og_title":"K\u00e4ytt\u00e4m\u00e4t\u00f6n Zenith Captain (NOS) 1960 | Unused Zenith Captain (NOS) 1960 - Kellotori","og_description":"K\u00e4ytt\u00e4m\u00e4t\u00f6n Zenith Captain (NOS) 1960 | Unused Zenith Captain (NOS) 1960    Merkki | Brand Zenith   Malli | Model Captain   Kuori | Cover ter\u00e4s | steel   Referenssi | Reference 9557312   Halkaisija | Diameter 35 mm   Koneisto | Mechanism Automaatti | Automatic   Kaliiperi | Caliber 2522P   Valmistenumero | Identification number 5103912   Valmistusvuosi | Production year 1960   Nuppi | Knob Original   Lasike | Glass Original   Rannekkeen leveys ja pituus | Braclet width and length 18 M   Rannekkeen materiaali | Braclet material Orig. nahka | original leather       Lis\u00e4huomiot | Additional information Laatikolla | with box              &nbsp;","og_url":"https:\/\/kellotori.fi\/en\/product\/kayttamaton-zenith-captain-nos-1960-unused-zenith-captain-nos-1960\/","og_site_name":"Kellotori","article_publisher":"https:\/\/www.facebook.com\/kellotori\/","article_modified_time":"2025-12-05T11:35:11+00:00","og_image":[{"width":480,"height":640,"url":"https:\/\/kellotori.fi\/wp-content\/uploads\/2025\/12\/IMG_8843.jpg","type":"image\/jpeg"}],"twitter_card":"summary_large_image","twitter_misc":{"Estimated reading time":"1 minute"},"schema":{"@context":"https:\/\/schema.org","@graph":[{"@type":"WebPage","@id":"https:\/\/kellotori.fi\/en\/product\/kayttamaton-zenith-captain-nos-1960-unused-zenith-captain-nos-1960\/","url":"https:\/\/kellotori.fi\/en\/product\/kayttamaton-zenith-captain-nos-1960-unused-zenith-captain-nos-1960\/","name":"K\u00e4ytt\u00e4m\u00e4t\u00f6n Zenith Captain (NOS) 1960 | Unused Zenith Captain (NOS) 1960 - Kellotori","isPartOf":{"@id":"https:\/\/kellotori.fi\/#website"},"primaryImageOfPage":{"@id":"https:\/\/kellotori.fi\/en\/product\/kayttamaton-zenith-captain-nos-1960-unused-zenith-captain-nos-1960\/#primaryimage"},"image":{"@id":"https:\/\/kellotori.fi\/en\/product\/kayttamaton-zenith-captain-nos-1960-unused-zenith-captain-nos-1960\/#primaryimage"},"thumbnailUrl":"https:\/\/kellotori.fi\/wp-content\/uploads\/2025\/12\/IMG_8843.jpg","datePublished":"2025-12-03T13:56:05+00:00","dateModified":"2025-12-05T11:35:11+00:00","breadcrumb":{"@id":"https:\/\/kellotori.fi\/en\/product\/kayttamaton-zenith-captain-nos-1960-unused-zenith-captain-nos-1960\/#breadcrumb"},"inLanguage":"en-GB","potentialAction":[{"@type":"ReadAction","target":["https:\/\/kellotori.fi\/en\/product\/kayttamaton-zenith-captain-nos-1960-unused-zenith-captain-nos-1960\/"]}]},{"@type":"ImageObject","inLanguage":"en-GB","@id":"https:\/\/kellotori.fi\/en\/product\/kayttamaton-zenith-captain-nos-1960-unused-zenith-captain-nos-1960\/#primaryimage","url":"https:\/\/kellotori.fi\/wp-content\/uploads\/2025\/12\/IMG_8843.jpg","contentUrl":"https:\/\/kellotori.fi\/wp-content\/uploads\/2025\/12\/IMG_8843.jpg","width":480,"height":640},{"@type":"BreadcrumbList","@id":"https:\/\/kellotori.fi\/en\/product\/kayttamaton-zenith-captain-nos-1960-unused-zenith-captain-nos-1960\/#breadcrumb","itemListElement":[{"@type":"ListItem","position":1,"name":"Etusivu","item":"https:\/\/kellotori.fi\/"},{"@type":"ListItem","position":2,"name":"Shop","item":"https:\/\/kellotori.fi\/en\/shop\/"},{"@type":"ListItem","position":3,"name":"K\u00e4ytt\u00e4m\u00e4t\u00f6n Zenith Captain (NOS) 1960 | Unused Zenith Captain (NOS) 1960"}]},{"@type":"WebSite","@id":"https:\/\/kellotori.fi\/#website","url":"https:\/\/kellotori.fi\/","name":"Kellotori.fi","description":"Vintagekellojen erikoisliike","publisher":{"@id":"https:\/\/kellotori.fi\/#organization"},"potentialAction":[{"@type":"SearchAction","target":{"@type":"EntryPoint","urlTemplate":"https:\/\/kellotori.fi\/?s={search_term_string}"},"query-input":{"@type":"PropertyValueSpecification","valueRequired":true,"valueName":"search_term_string"}}],"inLanguage":"en-GB"},{"@type":"Organization","@id":"https:\/\/kellotori.fi\/#organization","name":"Kellotori","url":"https:\/\/kellotori.fi\/","logo":{"@type":"ImageObject","inLanguage":"en-GB","@id":"https:\/\/kellotori.fi\/#\/schema\/logo\/image\/","url":"https:\/\/kellotori.fi\/wp-content\/uploads\/2024\/05\/minilogo_kellotori.png","contentUrl":"https:\/\/kellotori.fi\/wp-content\/uploads\/2024\/05\/minilogo_kellotori.png","width":330,"height":90,"caption":"Kellotori"},"image":{"@id":"https:\/\/kellotori.fi\/#\/schema\/logo\/image\/"},"sameAs":["https:\/\/www.facebook.com\/kellotori\/","https:\/\/www.instagram.com\/kellotori.fi"]}]}},"_links":{"self":[{"href":"https:\/\/kellotori.fi\/en\/wp-json\/wp\/v2\/product\/2402","targetHints":{"allow":["GET"]}}],"collection":[{"href":"https:\/\/kellotori.fi\/en\/wp-json\/wp\/v2\/product"}],"about":[{"href":"https:\/\/kellotori.fi\/en\/wp-json\/wp\/v2\/types\/product"}],"wp:featuredmedia":[{"embeddable":true,"href":"https:\/\/kellotori.fi\/en\/wp-json\/wp\/v2\/media\/2405"}],"wp:attachment":[{"href":"https:\/\/kellotori.fi\/en\/wp-json\/wp\/v2\/media?parent=2402"}],"wp:term":[{"taxonomy":"product_brand","embeddable":true,"href":"https:\/\/kellotori.fi\/en\/wp-json\/wp\/v2\/product_brand?post=2402"},{"taxonomy":"product_cat","embeddable":true,"href":"https:\/\/kellotori.fi\/en\/wp-json\/wp\/v2\/product_cat?post=2402"},{"taxonomy":"product_tag","embeddable":true,"href":"https:\/\/kellotori.fi\/en\/wp-json\/wp\/v2\/product_tag?post=2402"}],"curies":[{"name":"wp","href":"https:\/\/api.w.org\/{rel}","templated":true}]}}